{"id":15,"date":"2024-12-09T22:13:22","date_gmt":"2024-12-09T21:13:22","guid":{"rendered":"https:\/\/infres.fr\/?page_id=15"},"modified":"2024-12-10T09:12:14","modified_gmt":"2024-12-10T08:12:14","slug":"accueil","status":"publish","type":"page","link":"https:\/\/infres.fr\/","title":{"rendered":"Accueil"},"content":{"rendered":"\t\t<div data-elementor-type=\"wp-page\" data-elementor-id=\"15\" class=\"elementor elementor-15\" data-elementor-post-type=\"page\">\n\t\t\t\t<div class=\"elementor-element elementor-element-9386026 e-flex e-con-boxed e-con e-parent\" data-id=\"9386026\" data-element_type=\"container\" data-e-type=\"container\" data-settings=\"{&quot;background_background&quot;:&quot;gradient&quot;,&quot;jet_parallax_layout_list&quot;:[]}\">\n\t\t\t\t\t<div class=\"e-con-inner\">\n\t\t\t\t<div class=\"elementor-element elementor-element-5b1c92f elementor-widget elementor-widget-heading\" data-id=\"5b1c92f\" data-element_type=\"widget\" data-e-type=\"widget\" data-widget_type=\"heading.default\">\n\t\t\t\t<div class=\"elementor-widget-container\">\n\t\t\t\t\t<h2 class=\"elementor-heading-title elementor-size-default\">Risques Psychosociaux D\u00e9veloppement du Management <\/h2>\t\t\t\t<\/div>\n\t\t\t\t<\/div>\n\t\t\t\t\t<\/div>\n\t\t\t\t<\/div>\n\t\t<div class=\"elementor-element elementor-element-ca1527c e-flex e-con-boxed e-con e-parent\" data-id=\"ca1527c\" data-element_type=\"container\" data-e-type=\"container\" data-settings=\"{&quot;background_background&quot;:&quot;classic&quot;,&quot;jet_parallax_layout_list&quot;:[]}\">\n\t\t\t\t\t<div class=\"e-con-inner\">\n\t\t<div class=\"elementor-element elementor-element-736e4ca e-con-full e-flex e-con e-child\" data-id=\"736e4ca\" data-element_type=\"container\" data-e-type=\"container\" data-settings=\"{&quot;jet_parallax_layout_list&quot;:[]}\">\n\t\t\t\t<div class=\"elementor-element elementor-element-a725942 elementor-widget__width-initial elementor-absolute elementor-widget elementor-widget-text-editor\" data-id=\"a725942\" data-element_type=\"widget\" data-e-type=\"widget\" data-settings=\"{&quot;_position&quot;:&quot;absolute&quot;}\" data-widget_type=\"text-editor.default\">\n\t\t\t\t<div class=\"elementor-widget-container\">\n\t\t\t\t\t\t\t\t\t<p>Infres intervient en amont et en aval sur la base d\u2019audits, d\u2019actions de conseils, de formations, d\u2019accompagnements individuels et collectifs, sur les th\u00e9matiques g\u00e9n\u00e9rales de stress professionnels, de gestion des conflits, d\u2019incivilit\u00e9s, d\u2019agressivit\u00e9, de violence. Infres accompagne les organisations et entreprises clientes sur les th\u00e9matiques g\u00e9n\u00e9rales du management (aspects comportementaux) et du d\u00e9veloppement du Leadership du manager, de la gestion des conflits.<\/p>\t\t\t\t\t\t\t\t<\/div>\n\t\t\t\t<\/div>\n\t\t\t\t<div class=\"elementor-element elementor-element-3776d2a elementor-widget elementor-widget-image\" data-id=\"3776d2a\" data-element_type=\"widget\" data-e-type=\"widget\" data-widget_type=\"image.default\">\n\t\t\t\t<div class=\"elementor-widget-container\">\n\t\t\t\t\t\t\t\t\t\t\t\t\t\t\t<img fetchpriority=\"high\" decoding=\"async\" width=\"800\" height=\"450\" src=\"https:\/\/infres.fr\/wp-content\/uploads\/2024\/12\/risquepsycho.jpg\" class=\"attachment-large size-large wp-image-32\" alt=\"\" srcset=\"https:\/\/infres.fr\/wp-content\/uploads\/2024\/12\/risquepsycho.jpg 1000w, https:\/\/infres.fr\/wp-content\/uploads\/2024\/12\/risquepsycho-300x169.jpg 300w, https:\/\/infres.fr\/wp-content\/uploads\/2024\/12\/risquepsycho-768x432.jpg 768w\" sizes=\"(max-width: 800px) 100vw, 800px\" \/>\t\t\t\t\t\t\t\t\t\t\t\t\t\t\t<\/div>\n\t\t\t\t<\/div>\n\t\t\t\t<\/div>\n\t\t\t\t\t<\/div>\n\t\t\t\t<\/div>\n\t\t<div class=\"elementor-element elementor-element-e8e5495 e-flex e-con-boxed e-con e-parent\" data-id=\"e8e5495\" data-element_type=\"container\" data-e-type=\"container\" data-settings=\"{&quot;background_background&quot;:&quot;classic&quot;,&quot;jet_parallax_layout_list&quot;:[]}\">\n\t\t\t\t\t<div class=\"e-con-inner\">\n\t\t\t\t<div class=\"elementor-element elementor-element-0b90bd5 elementor-widget elementor-widget-heading\" data-id=\"0b90bd5\" data-element_type=\"widget\" data-e-type=\"widget\" data-widget_type=\"heading.default\">\n\t\t\t\t<div class=\"elementor-widget-container\">\n\t\t\t\t\t<h2 class=\"elementor-heading-title elementor-size-default\">Nos domaines d'activit\u00e9s<\/h2>\t\t\t\t<\/div>\n\t\t\t\t<\/div>\n\t\t\t\t<div class=\"elementor-element elementor-element-666461f elementor-widget elementor-widget-text-editor\" data-id=\"666461f\" data-element_type=\"widget\" data-e-type=\"widget\" data-widget_type=\"text-editor.default\">\n\t\t\t\t<div class=\"elementor-widget-container\">\n\t\t\t\t\t\t\t\t\t<p>RISQUES PSYCHOSOCIAUX<\/p><p>DEVELOPPEMENT DU MANAGEMENT<\/p><p>LEADERSHIP<\/p><p>COACHING &amp; COHESION D\u2019EQUIPE<\/p><p>NEGOCIATIONS<\/p>\t\t\t\t\t\t\t\t<\/div>\n\t\t\t\t<\/div>\n\t\t\t\t\t<\/div>\n\t\t\t\t<\/div>\n\t\t\t\t<\/div>\n\t\t","protected":false},"excerpt":{"rendered":"<p>Risques Psychosociaux D\u00e9veloppement du Management Infres intervient en amont et en aval sur la base d\u2019audits, d\u2019actions de conseils, de formations, d\u2019accompagnements individuels et collectifs, sur les th\u00e9matiques g\u00e9n\u00e9rales de stress professionnels, de gestion des conflits, d\u2019incivilit\u00e9s, d\u2019agressivit\u00e9, de violence. Infres accompagne les organisations et entreprises clientes sur les th\u00e9matiques g\u00e9n\u00e9rales du management (aspects comportementaux) [&hellip;]<\/p>\n","protected":false},"author":1,"featured_media":0,"parent":0,"menu_order":0,"comment_status":"closed","ping_status":"closed","template":"elementor_header_footer","meta":{"footnotes":""},"class_list":["post-15","page","type-page","status-publish","hentry"],"_links":{"self":[{"href":"https:\/\/infres.fr\/index.php\/wp-json\/wp\/v2\/pages\/15","targetHints":{"allow":["GET"]}}],"collection":[{"href":"https:\/\/infres.fr\/index.php\/wp-json\/wp\/v2\/pages"}],"about":[{"href":"https:\/\/infres.fr\/index.php\/wp-json\/wp\/v2\/types\/page"}],"author":[{"embeddable":true,"href":"https:\/\/infres.fr\/index.php\/wp-json\/wp\/v2\/users\/1"}],"replies":[{"embeddable":true,"href":"https:\/\/infres.fr\/index.php\/wp-json\/wp\/v2\/comments?post=15"}],"version-history":[{"count":43,"href":"https:\/\/infres.fr\/index.php\/wp-json\/wp\/v2\/pages\/15\/revisions"}],"predecessor-version":[{"id":79,"href":"https:\/\/infres.fr\/index.php\/wp-json\/wp\/v2\/pages\/15\/revisions\/79"}],"wp:attachment":[{"href":"https:\/\/infres.fr\/index.php\/wp-json\/wp\/v2\/media?parent=15"}],"curies":[{"name":"wp","href":"https:\/\/api.w.org\/{rel}","templated":true}]}}